{"id":272,"date":"2023-05-02T10:47:35","date_gmt":"2023-05-02T10:47:35","guid":{"rendered":"https:\/\/meulke.de\/?page_id=272"},"modified":"2023-05-02T10:47:35","modified_gmt":"2023-05-02T10:47:35","slug":"verwaltung","status":"publish","type":"page","link":"https:\/\/meulke.de\/index.php\/verwaltung\/","title":{"rendered":"Verwaltung"},"content":{"rendered":"\n<h2 class=\"wp-block-heading has-text-align-center\">Immobilienverwaltung<\/h2>\n\n\n\n<div style=\"height:29px\" aria-hidden=\"true\" class=\"wp-block-spacer\"><\/div>\n\n\n\n<p class=\"has-text-align-left has-black-color has-text-color\" style=\"font-size:24px\">Zinsh\u00e4user, Gewerbeobjekte, Wohnungseigent\u00fcmergemeinschaften &#8211; wir sind die richtige Verwaltung f\u00fcr Ihre einzigartige Immobilie. Bei einem pers\u00f6nlichen Erstgespr\u00e4ch ermitteln wir mit Ihnen die M\u00f6glichkeiten der Verwaltung und gehen dabei auf Ihre pers\u00f6nlichen Vorstellungen ein. <\/p>\n\n\n\n<div class=\"wp-block-cover is-light\" style=\"min-height:299px;aspect-ratio:unset;\"><span aria-hidden=\"true\" class=\"wp-block-cover__background has-background-dim-100 has-background-dim\" style=\"background-color:#f6f6f6\"><\/span><div class=\"wp-block-cover__inner-container is-layout-flow wp-block-cover-is-layout-flow\">\n<div style=\"height:59px\" aria-hidden=\"true\" class=\"wp-block-spacer\"><\/div>\n\n\n\n<div class=\"wp-block-columns is-layout-flex wp-container-core-columns-is-layout-9d6595d7 wp-block-columns-is-layout-flex\">\n<div class=\"wp-block-column is-vertically-aligned-center is-layout-flow wp-block-column-is-layout-flow\">\n<p class=\"has-text-align-center\" style=\"font-size:24px\">Rufen Sie uns direkt an, um einen Termin zu vereinbaren: <\/p>\n\n\n\n<p class=\"has-text-align-center\" style=\"font-size:24px\"><strong>(040) 68 19 74<\/strong><\/p>\n\n\n\n<div style=\"height:33px\" aria-hidden=\"true\" class=\"wp-block-spacer\"><\/div>\n<\/div>\n<\/div>\n<\/div><\/div>\n\n\n\n<div style=\"height:43px\" aria-hidden=\"true\" class=\"wp-block-spacer\"><\/div>\n\n\n\n<div class=\"wp-block-columns is-layout-flex wp-container-core-columns-is-layout-9d6595d7 wp-block-columns-is-layout-flex\">\n<div class=\"wp-block-column is-layout-flow wp-block-column-is-layout-flow\">\n<div class=\"wp-block-cover is-light\"><span aria-hidden=\"true\" class=\"wp-block-cover__background has-background-dim-100 has-background-dim\" style=\"background-color:#f6f6f6\"><\/span><div class=\"wp-block-cover__inner-container is-layout-flow wp-block-cover-is-layout-flow\">\n<figure class=\"wp-block-image size-full\"><img loading=\"lazy\" decoding=\"async\" width=\"768\" height=\"1024\" src=\"https:\/\/meulke.de\/wp-content\/uploads\/2023\/04\/grafik.png\" alt=\"\" class=\"wp-image-431\" srcset=\"https:\/\/meulke.de\/wp-content\/uploads\/2023\/04\/grafik.png 768w, https:\/\/meulke.de\/wp-content\/uploads\/2023\/04\/grafik-225x300.png 225w, https:\/\/meulke.de\/wp-content\/uploads\/2023\/04\/grafik-700x933.png 700w, https:\/\/meulke.de\/wp-content\/uploads\/2023\/04\/grafik-300x400.png 300w\" sizes=\"auto, (max-width: 768px) 100vw, 768px\" \/><\/figure>\n<\/div><\/div>\n<\/div>\n\n\n\n<div class=\"wp-block-column is-layout-flow wp-block-column-is-layout-flow\">\n<div class=\"wp-block-cover is-light\"><span aria-hidden=\"true\" class=\"wp-block-cover__background has-background-dim-100 has-background-dim\" style=\"background-color:#f6f6f6\"><\/span><div class=\"wp-block-cover__inner-container is-layout-flow wp-block-cover-is-layout-flow\">\n<figure class=\"wp-block-image size-full\"><img loading=\"lazy\" decoding=\"async\" width=\"768\" height=\"1024\" src=\"https:\/\/meulke.de\/wp-content\/uploads\/2023\/04\/grafik-1.png\" alt=\"\" class=\"wp-image-432\" srcset=\"https:\/\/meulke.de\/wp-content\/uploads\/2023\/04\/grafik-1.png 768w, https:\/\/meulke.de\/wp-content\/uploads\/2023\/04\/grafik-1-225x300.png 225w, https:\/\/meulke.de\/wp-content\/uploads\/2023\/04\/grafik-1-700x933.png 700w, https:\/\/meulke.de\/wp-content\/uploads\/2023\/04\/grafik-1-300x400.png 300w\" sizes=\"auto, (max-width: 768px) 100vw, 768px\" \/><\/figure>\n<\/div><\/div>\n<\/div>\n\n\n\n<div class=\"wp-block-column is-layout-flow wp-block-column-is-layout-flow\">\n<div class=\"wp-block-cover is-light\"><span aria-hidden=\"true\" class=\"wp-block-cover__background has-background-dim-100 has-background-dim\" style=\"background-color:#f6f6f6\"><\/span><div class=\"wp-block-cover__inner-container is-layout-flow wp-block-cover-is-layout-flow\">\n<figure class=\"wp-block-image size-full\"><img loading=\"lazy\" decoding=\"async\" width=\"768\" height=\"1024\" src=\"https:\/\/meulke.de\/wp-content\/uploads\/2023\/04\/grafik-2.png\" alt=\"\" class=\"wp-image-433\" srcset=\"https:\/\/meulke.de\/wp-content\/uploads\/2023\/04\/grafik-2.png 768w, https:\/\/meulke.de\/wp-content\/uploads\/2023\/04\/grafik-2-225x300.png 225w, https:\/\/meulke.de\/wp-content\/uploads\/2023\/04\/grafik-2-700x933.png 700w, https:\/\/meulke.de\/wp-content\/uploads\/2023\/04\/grafik-2-300x400.png 300w\" sizes=\"auto, (max-width: 768px) 100vw, 768px\" \/><\/figure>\n<\/div><\/div>\n<\/div>\n<\/div>\n","protected":false},"excerpt":{"rendered":"<p>Immobilienverwaltung Zinsh\u00e4user, Gewerbeobjekte, Wohnungseigent\u00fcmergemeinschaften &#8211; wir sind die richtige Verwaltung f\u00fcr Ihre einzigartige Immobilie. Bei einem pers\u00f6nlichen Erstgespr\u00e4ch ermitteln wir mit Ihnen die M\u00f6glichkeiten der Verwaltung und gehen dabei auf Ihre pers\u00f6nlichen Vorstellungen ein.<\/p>\n","protected":false},"author":1,"featured_media":0,"parent":0,"menu_order":0,"comment_status":"closed","ping_status":"closed","template":"","meta":{"footnotes":""},"class_list":["post-272","page","type-page","status-publish","hentry"],"_links":{"self":[{"href":"https:\/\/meulke.de\/index.php\/wp-json\/wp\/v2\/pages\/272","targetHints":{"allow":["GET"]}}],"collection":[{"href":"https:\/\/meulke.de\/index.php\/wp-json\/wp\/v2\/pages"}],"about":[{"href":"https:\/\/meulke.de\/index.php\/wp-json\/wp\/v2\/types\/page"}],"author":[{"embeddable":true,"href":"https:\/\/meulke.de\/index.php\/wp-json\/wp\/v2\/users\/1"}],"replies":[{"embeddable":true,"href":"https:\/\/meulke.de\/index.php\/wp-json\/wp\/v2\/comments?post=272"}],"version-history":[{"count":24,"href":"https:\/\/meulke.de\/index.php\/wp-json\/wp\/v2\/pages\/272\/revisions"}],"predecessor-version":[{"id":597,"href":"https:\/\/meulke.de\/index.php\/wp-json\/wp\/v2\/pages\/272\/revisions\/597"}],"wp:attachment":[{"href":"https:\/\/meulke.de\/index.php\/wp-json\/wp\/v2\/media?parent=272"}],"curies":[{"name":"wp","href":"https:\/\/api.w.org\/{rel}","templated":true}]}}